{"id":166,"date":"2017-06-13T15:11:50","date_gmt":"2017-06-13T13:11:50","guid":{"rendered":"https:\/\/www.ganz-milano.com\/?page_id=166"},"modified":"2017-10-23T11:46:02","modified_gmt":"2017-10-23T09:46:02","slug":"privacy-policy","status":"publish","type":"page","link":"https:\/\/www.ganz-milano.com\/it\/privacy-policy\/","title":{"rendered":"Privacy Policy"},"content":{"rendered":"<p>&nbsp;<\/p>\n<p><strong>INFORMATIVA AI SENSI DEL D. LGS. 196\/2003<\/strong><br \/>\n<strong> \u00a0<\/strong><br \/>\n<strong> CODICE IN MATERIA DI INFORMAZIONE DEI DATI PERSONALI<\/strong><\/p>\n<p>&nbsp;<\/p>\n<p>I dati personali inviati con i moduli presenti nel sito web verranno trattati, utilizzando strumenti sia elettronici che manuali, nel rispetto di tutte le misure di sicurezza idonee a garantirne la riservatezza e l\u2019integrit\u00e0 al solo scopo di rispondere quanto meglio possibile alla richiesta fattaci. I dati indicati come obbligatori sono necessari per poter successivamente permettere di evadere la richiesta di informazioni, in mancanza non saremo in grado di fornire alcuna risposta.<br \/>\nI dati trattati non verranno comunicati a soggetti terzi se non previa autorizzazione concessa dall&#8217;interessato.<br \/>\nL&#8217;interessato potr\u00e0 in qualsiasi momento conoscere quali sono i suoi dati in nostro possesso e come vengono utilizzati, chiedere la cancellazione, la trasformazione in forma anonima o il blocco dei dati trattati in violazione di legge nonch\u00e9 l&#8217;aggiornamento, la rettificazione o, se vi \u00e8 interesse, l&#8217;integrazione dei dati e di opporsi al trattamento stesso.<br \/>\nSolamente se esprime il Suo consenso i dati saranno utilizzati altres\u00ec per effettuare analisi statistiche, indagini di mercato ed invio di informazioni commerciali sui prodotti e sulle iniziative promozionali di Ganz s.a.s. di Ganz Paolo &amp; C..<\/p>\n<p>Il Titolare del trattamento e Responsabile al quale l\u2019interessato pu\u00f2 rivolgersi per l\u2019esercizio dei suoi diritti \u00e8 Paolo Ganz &#8211; Via Cenisio 54 \u2013 20154 Milano.<br \/>\nSotto al modulo pu\u00f2 esprimere o meno il consenso al trattamento dei dati per effettuare analisi statistiche, indagini di mercato ed invio di informazioni commerciali sui prodotti e sulle iniziative promozionali di Ganz s.a.s. di Ganz Paolo &amp; C..<\/p>\n<p>In base all\u2019art. 7 del D. Lgs. 196\/2003, gli Utenti possono esercitare il diritto di ottenere la conferma dell\u2019esistenza o meno di dati personali e\/o aziendali che li riguardano, la comunicazione in forma intelligibile dei medesimi dati e della logica e delle finalit\u00e0 su cui si basa il trattamento. Gli Utenti possono altres\u00ec ottenere la cancellazione, la trasformazione in forma anonima o il blocco di dati trattati in violazione di legge nonch\u00e9 l\u2019aggiornamento, la rettificazione o, se vi \u00e8 interesse, l\u2019integrazione dei dati; l\u2019attestazione che le operazioni richieste siano portate a conoscenza dei soggetti cui tali dati erano stati comunicati o diffusi. Possono opporsi, per motivi legittimi, al trattamento stesso. Tutte le informazioni in ordine al trattamento ed alla comunicazione dei dati personali ed aziendali degli Utenti potranno essere richieste, per iscritto, a Ganz s.a.s. di Ganz Paolo &amp; C. &#8211; Via Cenisio 54 \u2013 20154 Milano da parte degli Utenti stessi, quali titolari dei dati medesimi.<\/p>\n","protected":false},"excerpt":{"rendered":"<p>&nbsp; INFORMATIVA AI SENSI DEL D. LGS. 196\/2003 \u00a0 CODICE IN MATERIA DI INFORMAZIONE DEI DATI PERSONALI &nbsp; I dati personali inviati con i moduli presenti nel sito web verranno trattati, utilizzando strumenti sia elettronici che manuali, nel rispetto di tutte le misure di sicurezza idonee a garantirne la riservatezza e l\u2019integrit\u00e0 al solo scopo [&hellip;]<\/p>\n","protected":false},"author":1,"featured_media":0,"parent":0,"menu_order":12,"comment_status":"closed","ping_status":"closed","template":"","meta":{"_acf_changed":false,"footnotes":""},"class_list":["post-166","page","type-page","status-publish","hentry"],"acf":[],"yoast_head":"<!-- This site is optimized with the Yoast SEO plugin v27.4 - https:\/\/yoast.com\/product\/yoast-seo-wordpress\/ -->\n<title>Privacy Policy of Ganz Milano - abiti e accessori di sartoria<\/title>\n<meta name=\"description\" content=\"Sviluppiamo modelli ad hoc di abbigliamento e accessori uomo-donna per stilisti, singoli negozi o catene di negozi. Contattaci ora!\" \/>\n<meta name=\"robots\" content=\"index, follow, max-snippet:-1, max-image-preview:large, max-video-preview:-1\" \/>\n<link rel=\"canonical\" href=\"https:\/\/www.ganz-milano.com\/privacy-policy\/\" \/>\n<meta property=\"og:locale\" content=\"it_IT\" \/>\n<meta property=\"og:type\" content=\"article\" \/>\n<meta property=\"og:title\" content=\"Privacy Policy of Ganz Milano - abiti e accessori di sartoria\" \/>\n<meta property=\"og:description\" content=\"Sviluppiamo modelli ad hoc di abbigliamento e accessori uomo-donna per stilisti, singoli negozi o catene di negozi. Contattaci ora!\" \/>\n<meta property=\"og:url\" content=\"https:\/\/www.ganz-milano.com\/privacy-policy\/\" \/>\n<meta property=\"og:site_name\" content=\"Ganz Milano\" \/>\n<meta property=\"article:modified_time\" content=\"2017-10-23T09:46:02+00:00\" \/>\n<meta name=\"twitter:card\" content=\"summary_large_image\" \/>\n<meta name=\"twitter:label1\" content=\"Tempo di lettura stimato\" \/>\n\t<meta name=\"twitter:data1\" content=\"2 minuti\" \/>\n<script type=\"application\/ld+json\" class=\"yoast-schema-graph\">{\"@context\":\"https:\\\/\\\/schema.org\",\"@graph\":[{\"@type\":\"WebPage\",\"@id\":\"https:\\\/\\\/www.ganz-milano.com\\\/privacy-policy\\\/\",\"url\":\"https:\\\/\\\/www.ganz-milano.com\\\/privacy-policy\\\/\",\"name\":\"Privacy Policy of Ganz Milano - abiti e accessori di sartoria\",\"isPartOf\":{\"@id\":\"https:\\\/\\\/www.ganz-milano.com\\\/#website\"},\"datePublished\":\"2017-06-13T13:11:50+00:00\",\"dateModified\":\"2017-10-23T09:46:02+00:00\",\"description\":\"Sviluppiamo modelli ad hoc di abbigliamento e accessori uomo-donna per stilisti, singoli negozi o catene di negozi. Contattaci ora!\",\"breadcrumb\":{\"@id\":\"https:\\\/\\\/www.ganz-milano.com\\\/privacy-policy\\\/#breadcrumb\"},\"inLanguage\":\"it-IT\",\"potentialAction\":[{\"@type\":\"ReadAction\",\"target\":[\"https:\\\/\\\/www.ganz-milano.com\\\/privacy-policy\\\/\"]}]},{\"@type\":\"BreadcrumbList\",\"@id\":\"https:\\\/\\\/www.ganz-milano.com\\\/privacy-policy\\\/#breadcrumb\",\"itemListElement\":[{\"@type\":\"ListItem\",\"position\":1,\"name\":\"Home\",\"item\":\"https:\\\/\\\/www.ganz-milano.com\\\/it\\\/\"},{\"@type\":\"ListItem\",\"position\":2,\"name\":\"Privacy Policy\"}]},{\"@type\":\"WebSite\",\"@id\":\"https:\\\/\\\/www.ganz-milano.com\\\/#website\",\"url\":\"https:\\\/\\\/www.ganz-milano.com\\\/\",\"name\":\"Ganz Milano\",\"description\":\"tailored dresses - abiti di sartoria\",\"potentialAction\":[{\"@type\":\"SearchAction\",\"target\":{\"@type\":\"EntryPoint\",\"urlTemplate\":\"https:\\\/\\\/www.ganz-milano.com\\\/?s={search_term_string}\"},\"query-input\":{\"@type\":\"PropertyValueSpecification\",\"valueRequired\":true,\"valueName\":\"search_term_string\"}}],\"inLanguage\":\"it-IT\"}]}<\/script>\n<!-- \/ Yoast SEO plugin. -->","yoast_head_json":{"title":"Privacy Policy of Ganz Milano - abiti e accessori di sartoria","description":"Sviluppiamo modelli ad hoc di abbigliamento e accessori uomo-donna per stilisti, singoli negozi o catene di negozi. Contattaci ora!","robots":{"index":"index","follow":"follow","max-snippet":"max-snippet:-1","max-image-preview":"max-image-preview:large","max-video-preview":"max-video-preview:-1"},"canonical":"https:\/\/www.ganz-milano.com\/privacy-policy\/","og_locale":"it_IT","og_type":"article","og_title":"Privacy Policy of Ganz Milano - abiti e accessori di sartoria","og_description":"Sviluppiamo modelli ad hoc di abbigliamento e accessori uomo-donna per stilisti, singoli negozi o catene di negozi. Contattaci ora!","og_url":"https:\/\/www.ganz-milano.com\/privacy-policy\/","og_site_name":"Ganz Milano","article_modified_time":"2017-10-23T09:46:02+00:00","twitter_card":"summary_large_image","twitter_misc":{"Tempo di lettura stimato":"2 minuti"},"schema":{"@context":"https:\/\/schema.org","@graph":[{"@type":"WebPage","@id":"https:\/\/www.ganz-milano.com\/privacy-policy\/","url":"https:\/\/www.ganz-milano.com\/privacy-policy\/","name":"Privacy Policy of Ganz Milano - abiti e accessori di sartoria","isPartOf":{"@id":"https:\/\/www.ganz-milano.com\/#website"},"datePublished":"2017-06-13T13:11:50+00:00","dateModified":"2017-10-23T09:46:02+00:00","description":"Sviluppiamo modelli ad hoc di abbigliamento e accessori uomo-donna per stilisti, singoli negozi o catene di negozi. Contattaci ora!","breadcrumb":{"@id":"https:\/\/www.ganz-milano.com\/privacy-policy\/#breadcrumb"},"inLanguage":"it-IT","potentialAction":[{"@type":"ReadAction","target":["https:\/\/www.ganz-milano.com\/privacy-policy\/"]}]},{"@type":"BreadcrumbList","@id":"https:\/\/www.ganz-milano.com\/privacy-policy\/#breadcrumb","itemListElement":[{"@type":"ListItem","position":1,"name":"Home","item":"https:\/\/www.ganz-milano.com\/it\/"},{"@type":"ListItem","position":2,"name":"Privacy Policy"}]},{"@type":"WebSite","@id":"https:\/\/www.ganz-milano.com\/#website","url":"https:\/\/www.ganz-milano.com\/","name":"Ganz Milano","description":"tailored dresses - abiti di sartoria","potentialAction":[{"@type":"SearchAction","target":{"@type":"EntryPoint","urlTemplate":"https:\/\/www.ganz-milano.com\/?s={search_term_string}"},"query-input":{"@type":"PropertyValueSpecification","valueRequired":true,"valueName":"search_term_string"}}],"inLanguage":"it-IT"}]}},"_links":{"self":[{"href":"https:\/\/www.ganz-milano.com\/it\/wp-json\/wp\/v2\/pages\/166","targetHints":{"allow":["GET"]}}],"collection":[{"href":"https:\/\/www.ganz-milano.com\/it\/wp-json\/wp\/v2\/pages"}],"about":[{"href":"https:\/\/www.ganz-milano.com\/it\/wp-json\/wp\/v2\/types\/page"}],"author":[{"embeddable":true,"href":"https:\/\/www.ganz-milano.com\/it\/wp-json\/wp\/v2\/users\/1"}],"replies":[{"embeddable":true,"href":"https:\/\/www.ganz-milano.com\/it\/wp-json\/wp\/v2\/comments?post=166"}],"version-history":[{"count":3,"href":"https:\/\/www.ganz-milano.com\/it\/wp-json\/wp\/v2\/pages\/166\/revisions"}],"predecessor-version":[{"id":330,"href":"https:\/\/www.ganz-milano.com\/it\/wp-json\/wp\/v2\/pages\/166\/revisions\/330"}],"wp:attachment":[{"href":"https:\/\/www.ganz-milano.com\/it\/wp-json\/wp\/v2\/media?parent=166"}],"curies":[{"name":"wp","href":"https:\/\/api.w.org\/{rel}","templated":true}]}}